{"id":1725,"date":"2015-09-30T09:15:50","date_gmt":"2015-09-30T14:15:50","guid":{"rendered":"http:\/\/assuranceconcordia.com\/?page_id=1725"},"modified":"2015-10-01T04:00:33","modified_gmt":"2015-10-01T09:00:33","slug":"latest-news","status":"publish","type":"page","link":"https:\/\/assuranceconcordia.com\/en\/home\/latest-news\/","title":{"rendered":"Latest news"},"content":{"rendered":"<\/div><\/div><\/div><\/div><div class=\"full default\" style=\"display:block !important;background-color:#ffffff; background-image:url(); -webkit-background-size: cover;-moz-background-size: cover;-o-background-size: cover;background-size: cover;; background-attachment: scroll; border-top:; border-bottom:; padding:40px 0px;\"><div class=\"wrap clearfix\">\n<p style=\"text-align: center;\"><span style=\"font-size: 30pt;\"><strong>Latest news<\/strong><\/span><\/p>\n<p><ul class=\"display-posts-listing\"><li class=\"listing-item\"><a class=\"image\" href=\"https:\/\/assuranceconcordia.com\/en\/independant-assurance-concordia-vous-assure-un-service-2\/\"><img loading=\"lazy\" decoding=\"async\" width=\"150\" height=\"150\" src=\"https:\/\/assuranceconcordia.com\/wp-content\/uploads\/2015\/09\/vr1-150x150.png\" class=\"attachment-thumbnail size-thumbnail wp-post-image\" alt=\"\" \/><\/a> <a class=\"title\" href=\"https:\/\/assuranceconcordia.com\/en\/independant-assurance-concordia-vous-assure-un-service-2\/\">Ind\u00e9pendant, Assurance Concordia vous assure un service<\/a> <span class=\"excerpt-dash\">-<\/span> <span class=\"excerpt\">nd\u00e9pendant, Assurance Concordia vous assure un service hors pair \u00e0 des prix plus que comp\u00e9titifs. Pour tous vos besoins d\u2019assurance dommages, maison, aut<\/span><\/li><li class=\"listing-item\"><a class=\"image\" href=\"https:\/\/assuranceconcordia.com\/en\/eugiat-delicata-liberavisse-id-cum-2\/\"><img loading=\"lazy\" decoding=\"async\" width=\"150\" height=\"150\" src=\"https:\/\/assuranceconcordia.com\/wp-content\/uploads\/2015\/09\/vr4-150x150.png\" class=\"attachment-thumbnail size-thumbnail wp-post-image\" alt=\"\" \/><\/a> <a class=\"title\" href=\"https:\/\/assuranceconcordia.com\/en\/eugiat-delicata-liberavisse-id-cum-2\/\">New website<\/a> <span class=\"excerpt-dash\">-<\/span> <span class=\"excerpt\">We are proud to annonce you our new website.<\/span><\/li><\/ul><br \/>\n<\/div><\/div><div><div class=\"wrap clearfix\"><div role=\"article\"><div class=\"entry-content clearfix\">\n","protected":false},"excerpt":{"rendered":"","protected":false},"author":2,"featured_media":0,"parent":12,"menu_order":5,"comment_status":"open","ping_status":"open","template":"","meta":{"footnotes":""},"class_list":["post-1725","page","type-page","status-publish","hentry"],"_links":{"self":[{"href":"https:\/\/assuranceconcordia.com\/en\/wp-json\/wp\/v2\/pages\/1725\/"}],"collection":[{"href":"https:\/\/assuranceconcordia.com\/en\/wp-json\/wp\/v2\/pages\/"}],"about":[{"href":"https:\/\/assuranceconcordia.com\/en\/wp-json\/wp\/v2\/types\/page\/"}],"author":[{"embeddable":true,"href":"https:\/\/assuranceconcordia.com\/en\/wp-json\/wp\/v2\/users\/2\/"}],"replies":[{"embeddable":true,"href":"https:\/\/assuranceconcordia.com\/en\/wp-json\/wp\/v2\/comments\/?post=1725"}],"version-history":[{"count":0,"href":"https:\/\/assuranceconcordia.com\/en\/wp-json\/wp\/v2\/pages\/1725\/revisions\/"}],"up":[{"embeddable":true,"href":"https:\/\/assuranceconcordia.com\/en\/wp-json\/wp\/v2\/pages\/12\/"}],"wp:attachment":[{"href":"https:\/\/assuranceconcordia.com\/en\/wp-json\/wp\/v2\/media\/?parent=1725"}],"curies":[{"name":"wp","href":"https:\/\/api.w.org\/{rel}","templated":true}]}}